{"id":18,"date":"2018-07-08T03:13:34","date_gmt":"2018-07-08T03:13:34","guid":{"rendered":"http:\/\/tf.themedraft.com\/wp\/xzopro\/?page_id=18"},"modified":"2024-10-21T08:05:44","modified_gmt":"2024-10-21T08:05:44","slug":"projects","status":"publish","type":"page","link":"https:\/\/kewa-tech.de\/wordpress\/index.php\/projects\/","title":{"rendered":"Projects"},"content":{"rendered":"<div class=\"wpb-content-wrapper\"><p>[vc_row][vc_column]\n        <div class=\"section-title-wrapper \" style=\"color: #505050\">\n            <div class=\"row text-center\">\n                <div class=\"col-xl-6 offset-xl-3 col-lg-8 offset-lg-2 col-md-10 offset-md-1\">  \n                    <h2 class=\"section-title\" style=\"color:#0a6db7\">Meine Projekte<\/h2>\n                    <ul class=\"title-shape no-list-style text-center\">\n                        <li style=\"background: #0a6db7\"><\/li>\n                        <li style=\"background: #0a6db7\"><\/li>\n                        <li style=\"background: #0a6db7\"><\/li>\n                    <\/ul>\n                    <p>Erhalten Sie einen \u00dcberblick \u00fcber meine Projekte und Produkte.<\/p>\n\n                <\/div>\n            <\/div>   \n        <\/div>\n    [\/vc_column][\/vc_row][vc_row][vc_column width=&#8220;1\/2&#8243;][vc_single_image image=&#8220;2267&#8243; img_size=&#8220;large&#8220; css=&#8220;&#8220;][\/vc_column][vc_column width=&#8220;1\/2&#8243;]\n        <div class=\"twt-wrap \">\n            <h1 style=\"color:#0A6DB7;font-size: 36px\">Architektur - planen Sie Ihr Eigenheim im Detail<\/h1>\n            Der 3D-Druck bietet im Bereich der Architektur zahlreiche innovative M\u00f6glichkeiten. Mit dieser Technologie lassen sich komplexe Modelle von Geb\u00e4uden und Strukturen pr\u00e4zise und detailgetreu herstellen, was die Planung und Visualisierung vereinfacht. Architekten k\u00f6nnen durch den Einsatz von 3D-Druck ma\u00dfstabsgetreue Prototypen anfertigen, um Entw\u00fcrfe zu testen und zu pr\u00e4sentieren.<\/p>\n<p>Wer ein Haus plant, kann mit Hilfe des 3D-Drucks einen ma\u00dfstabsgetreuen Grundriss oder sogar ein detailliertes Modell des zuk\u00fcnftigen Hauses erstellen lassen. Dies erm\u00f6glicht es, das geplante Geb\u00e4ude nicht nur visuell zu erfassen, sondern es im wahrsten Sinne des Wortes zu &#8222;begreifen&#8220;. Ein physisches Modell hilft, architektonische Details und Raumaufteilungen besser zu verstehen und zu optimieren, bevor der Bau beginnt. So k\u00f6nnen individuelle W\u00fcnsche und Anpassungen pr\u00e4zise ber\u00fccksichtigt werden, was die Planungssicherheit erh\u00f6ht und sp\u00e4tere \u00dcberraschungen vermeidet.\n        <\/div>\n    \n        <div class=\"cta-wrapper \">\n            <div class=\"container\">\n                <div class=\"row\">\n                    <div class=\"col-xl-8 col-lg-8 col-md-9\">\n                        <h4>``Begreifen`` Sie Ihr individuelles Bauvorhaben!<\/h4>\n                        <p><\/p>\n                    <\/div>\n                    \n                    <div class=\"col-xl-4 col-lg-4 col-md-3\">\n                        <div class=\"cta-btn-wrap\">\n                            <a href=\"https:\/\/kewa-tech.de\/wordpress\/index.php\/contact\/\" class=\"xzopro-btn fill-btn cta-btn\">Ihre Anfrage<\/a>\n                        <\/div>\n                    <\/div>\n                <\/div>\n            <\/div>\n        <\/div>\n    [\/vc_column][\/vc_row][vc_row][vc_column width=&#8220;1\/2&#8243;]\n        <div class=\"twt-wrap \">\n            <h1 style=\"color:#0A6DB7;font-size: 36px\">Beleuchtungskonzepte<\/h1>\n            Ich biete im Bereich der Raumbeleuchtung Produkte, die Stil und Eleganz in jede Einrichtung bringen. Ob elegante Tisch- oder Deckenleuchten \u2013 durch den 3D-Druck k\u00f6nnen individuelle Designs realisiert werden, die perfekt auf Ihre R\u00e4umlichkeiten und Vorlieben abgestimmt sind. So entstehen einzigartige Beleuchtungselemente, die sowohl funktional als auch dekorativ sind und jedes Ambiente auf besondere Weise veredeln.\n        <\/div>\n    \n    \n        <div class=\"xzopro-button-wrapper text-right  \">\n            <a href=\"https:\/\/www.etsy.com\/de\/shop\/Almas3D\" id=\"td-btn-514\" class=\"td-btn button-type-fill\">zum Shop<\/a>\n        <\/div>\n                    \n        \n        \n        <style>\n            #td-btn-514 {\n                color: #FFFFFF;\n            }\n            \n            #td-btn-514:hover {\n                color: #242424;\n            }\n                    #td-btn-514.button-type-fill{\n \n                        background: #0a6db7;\n                        border-color: #0a6db7;\n                    }\n                    \n                    #td-btn-514.button-type-fill:hover{\n \n                        background: #253cac;\n                        border-color: #253cac;  \n                    }\n                \n        <\/style>\n    [\/vc_column][vc_column width=&#8220;1\/2&#8243;][vc_single_image image=&#8220;2333&#8243; img_size=&#8220;large&#8220; css=&#8220;&#8220;][\/vc_column][\/vc_row][vc_row][vc_column width=&#8220;1\/2&#8243;][vc_single_image image=&#8220;2276&#8243; img_size=&#8220;large&#8220; css=&#8220;&#8220;][\/vc_column][vc_column width=&#8220;1\/2&#8243;]\n        <div class=\"twt-wrap \">\n            <h1 style=\"color:#0A6DB7;font-size: 36px\">Home Office &amp; B\u00fcrobedarf<\/h1>\n            Ich biete eine Auswahl an fertigen Produkten f\u00fcr Homeoffice und B\u00fcrobedarf an, darunter praktische Stifthalter, Organizer und St\u00e4nder. Diese 3D-gedruckten Artikel kombinieren Funktionalit\u00e4t und Design und f\u00fcgen sich nahtlos in jede B\u00fcroeinrichtung ein. Ob funktional, elegant oder minimalistisch \u2013 meine 3D-gedruckten B\u00fcroartikel sorgen f\u00fcr Ordnung und eine ansprechende Atmosph\u00e4re in Ihrem Homeoffice oder B\u00fcro.\n        <\/div>\n    \n    \n        <div class=\"xzopro-button-wrapper text-right  \">\n            <a href=\"https:\/\/www.etsy.com\/de\/shop\/Almas3D\" id=\"td-btn-483\" class=\"td-btn button-type-fill\">zum Shop<\/a>\n        <\/div>\n                    \n        \n        \n        <style>\n            #td-btn-483 {\n                color: #FFFFFF;\n            }\n            \n            #td-btn-483:hover {\n                color: #242424;\n            }\n                    #td-btn-483.button-type-fill{\n \n                        background: #0a6db7;\n                        border-color: #0a6db7;\n                    }\n                    \n                    #td-btn-483.button-type-fill:hover{\n \n                        background: #253cac;\n                        border-color: #253cac;  \n                    }\n                \n        <\/style>\n    [\/vc_column][\/vc_row][vc_row][vc_column width=&#8220;1\/2&#8243;]\n        <div class=\"twt-wrap \">\n            <h1 style=\"color:#0A6DB7;font-size: 36px\">Homedecor<\/h1>\n            Ich biete eine exklusive Auswahl an Produkten im Bereich Home Decor an, darunter elegante Skulpturen und Vasen. Diese 3D-gedruckten Dekorationsobjekte verbinden modernes Design mit hoher Qualit\u00e4t und setzen stilvolle Akzente in jedem Wohnraum. Sie verleihen Ihrem Zuhause eine pers\u00f6nliche Note und f\u00fcgen sich harmonisch in verschiedenste Einrichtungsstile ein.\n        <\/div>\n    \n    \n        <div class=\"xzopro-button-wrapper text-right  \">\n            <a href=\"https:\/\/www.etsy.com\/de\/shop\/Almas3D\" id=\"td-btn-810\" class=\"td-btn button-type-fill\">zum Shop<\/a>\n        <\/div>\n                    \n        \n        \n        <style>\n            #td-btn-810 {\n                color: #FFFFFF;\n            }\n            \n            #td-btn-810:hover {\n                color: #242424;\n            }\n                    #td-btn-810.button-type-fill{\n \n                        background: #0a6db7;\n                        border-color: #0a6db7;\n                    }\n                    \n                    #td-btn-810.button-type-fill:hover{\n \n                        background: #253cac;\n                        border-color: #253cac;  \n                    }\n                \n        <\/style>\n    [\/vc_column][vc_column width=&#8220;1\/2&#8243;][vc_single_image image=&#8220;2278&#8243; img_size=&#8220;large&#8220; css=&#8220;&#8220;][\/vc_column][\/vc_row]<\/p>\n<\/div>","protected":false},"excerpt":{"rendered":"<p>[vc_row][vc_column][\/vc_column][\/vc_row][vc_row][vc_column width=&#8220;1\/2&#8243;][vc_single_image image=&#8220;2267&#8243; img_size=&#8220;large&#8220; css=&#8220;&#8220;][\/vc_column][vc_column width=&#8220;1\/2&#8243;][\/vc_column][\/vc_row][vc_row][vc_column width=&#8220;1\/2&#8243;][\/vc_column][vc_column width=&#8220;1\/2&#8243;][vc_single_image image=&#8220;2333&#8243; img_size=&#8220;large&#8220; css=&#8220;&#8220;][\/vc_column][\/vc_row][vc_row][vc_column width=&#8220;1\/2&#8243;][vc_single_image image=&#8220;2276&#8243; img_size=&#8220;large&#8220; css=&#8220;&#8220;][\/vc_column][vc_column width=&#8220;1\/2&#8243;][\/vc_column][\/vc_row][vc_row][vc_column width=&#8220;1\/2&#8243;][\/vc_column][vc_column width=&#8220;1\/2&#8243;][vc_single_image image=&#8220;2278&#8243; img_size=&#8220;large&#8220; css=&#8220;&#8220;][\/vc_column][\/vc_row]<\/p>\n","protected":false},"author":1,"featured_media":0,"parent":0,"menu_order":0,"comment_status":"closed","ping_status":"closed","template":"","meta":{"_monsterinsights_skip_tracking":false,"_monsterinsights_sitenote_active":false,"_monsterinsights_sitenote_note":"","_monsterinsights_sitenote_category":0,"footnotes":""},"class_list":["post-18","page","type-page","status-publish","hentry"],"aioseo_notices":[],"_links":{"self":[{"href":"https:\/\/kewa-tech.de\/wordpress\/index.php\/wp-json\/wp\/v2\/pages\/18","targetHints":{"allow":["GET"]}}],"collection":[{"href":"https:\/\/kewa-tech.de\/wordpress\/index.php\/wp-json\/wp\/v2\/pages"}],"about":[{"href":"https:\/\/kewa-tech.de\/wordpress\/index.php\/wp-json\/wp\/v2\/types\/page"}],"author":[{"embeddable":true,"href":"https:\/\/kewa-tech.de\/wordpress\/index.php\/wp-json\/wp\/v2\/users\/1"}],"replies":[{"embeddable":true,"href":"https:\/\/kewa-tech.de\/wordpress\/index.php\/wp-json\/wp\/v2\/comments?post=18"}],"version-history":[{"count":13,"href":"https:\/\/kewa-tech.de\/wordpress\/index.php\/wp-json\/wp\/v2\/pages\/18\/revisions"}],"predecessor-version":[{"id":2345,"href":"https:\/\/kewa-tech.de\/wordpress\/index.php\/wp-json\/wp\/v2\/pages\/18\/revisions\/2345"}],"wp:attachment":[{"href":"https:\/\/kewa-tech.de\/wordpress\/index.php\/wp-json\/wp\/v2\/media?parent=18"}],"curies":[{"name":"wp","href":"https:\/\/api.w.org\/{rel}","templated":true}]}}