{"id":2218,"date":"2018-07-08T03:11:42","date_gmt":"2018-07-08T03:11:42","guid":{"rendered":"http:\/\/tf.themedraft.com\/wp\/xzopro\/?page_id=12"},"modified":"2024-10-16T09:44:30","modified_gmt":"2024-10-16T09:44:30","slug":"services","status":"publish","type":"page","link":"https:\/\/kewa-tech.de\/wordpress\/index.php\/services\/","title":{"rendered":"Services"},"content":{"rendered":"<div class=\"wpb-content-wrapper\"><p>[vc_row][vc_column]\n        <div class=\"section-title-wrapper \" style=\"color: #505050\">\n            <div class=\"row text-center\">\n                <div class=\"col-xl-6 offset-xl-3 col-lg-8 offset-lg-2 col-md-10 offset-md-1\">  \n                    <h2 class=\"section-title\" style=\"color:#0a6db7\">Meine Leistungen<\/h2>\n                    <ul class=\"title-shape no-list-style text-center\">\n                        <li style=\"background: #0a6db7\"><\/li>\n                        <li style=\"background: #0a6db7\"><\/li>\n                        <li style=\"background: #0a6db7\"><\/li>\n                    <\/ul>\n                    <p>Mit \u00fcber 6 Jahren Erfahrung in der Produktentwicklung entwickle ich Ihre Idee bis hin zum fertigen Produkt.<\/p>\n\n                <\/div>\n            <\/div>   \n        <\/div>\n    \n        <div class=\"section-title-wrapper \" style=\"color: #505050\">\n            <div class=\"row text-center\">\n                <div class=\"col-xl-6 offset-xl-3 col-lg-8 offset-lg-2 col-md-10 offset-md-1\">  \n                    <h2 class=\"section-title\" style=\"color:#0a6db7\">Produktentwicklung: Innovation und Fortschritt in der Technik<\/h2>\n                    <ul class=\"title-shape no-list-style text-center\">\n                        <li style=\"background: #0a6db7\"><\/li>\n                        <li style=\"background: #0a6db7\"><\/li>\n                        <li style=\"background: #0a6db7\"><\/li>\n                    <\/ul>\n                    <p>Die Produktentwicklung spielt eine zentrale Rolle in der modernen Industrie, indem sie innovative Ideen in marktreife Produkte verwandelt. Sie umfasst alle Phasen von der Konzeptentwicklung \u00fcber die Konstruktion bis hin zur Serienreife, mit dem Ziel, funktionale und effiziente L\u00f6sungen f\u00fcr spezifische Marktbed\u00fcrfnisse zu schaffen. Besonders im Bereich Maschinenbau ist die Optimierung von Prozessen und Produkten entscheidend f\u00fcr die Wettbewerbsf\u00e4higkeit eines Unternehmens.<br \/>\nMeine Expertise in der Produktentwicklung<br \/>\nDurch meine langj\u00e4hrige Erfahrung in der Kunststoffindustrie und in der Entwicklung technischer Produkte habe ich umfangreiche Kenntnisse in allen Phasen des Entwicklungsprozesses gesammelt. Ich habe eigenst\u00e4ndig an der Konstruktion und Weiterentwicklung neuer Produkte gearbeitet und diese bis zur Serienreife begleitet. Dabei habe ich Prototypen betreut, technische Freigaben verantwortet und Design\u00e4nderungen erfolgreich implementiert.<\/p>\n<p>Ein wesentlicher Schwerpunkt meiner Arbeit lag in der Optimierung bestehender Produkte sowie der Einf\u00fchrung neuer Varianten, die den Markteintritt in neue Segmente erm\u00f6glichten. Ich verf\u00fcge \u00fcber fundierte Erfahrungen in der Produktentwicklung, die es mir erm\u00f6glichen, funktionale, innovative und wirtschaftliche L\u00f6sungen zu schaffen, die sowohl technisch als auch \u00f6konomisch auf den Markt abgestimmt sind.<\/p>\n\n                <\/div>\n            <\/div>   \n        <\/div>\n    \n        <div class=\"section-title-wrapper \" style=\"color: #505050\">\n            <div class=\"row text-center\">\n                <div class=\"col-xl-6 offset-xl-3 col-lg-8 offset-lg-2 col-md-10 offset-md-1\">  \n                    <h2 class=\"section-title\" style=\"color:#0a6db7\">Konstruktion von Kunststoffbauteilen: Pr\u00e4zision und Effizienz in der Produktgestaltung<\/h2>\n                    <ul class=\"title-shape no-list-style text-center\">\n                        <li style=\"background: #0a6db7\"><\/li>\n                        <li style=\"background: #0a6db7\"><\/li>\n                        <li style=\"background: #0a6db7\"><\/li>\n                    <\/ul>\n                    <p>Die Konstruktion von Kunststoffbauteilen erfordert ein tiefes Verst\u00e4ndnis von Materialeigenschaften, Fertigungsprozessen und funktionalen Anforderungen. Im Mittelpunkt steht die Entwicklung von Bauteilen, die nicht nur den technischen Spezifikationen entsprechen, sondern auch in der Massenproduktion effizient und wirtschaftlich herstellbar sind.<\/p>\n<p>Meine Expertise in der Konstruktion von Kunststoffbauteilen<\/p>\n<p>In meiner beruflichen Laufbahn habe ich umfassende Erfahrungen in der Konstruktion von Kunststoffbauteilen gesammelt. Ich habe zahlreiche Bauteile von der ersten Idee bis zur finalen Serienreife entwickelt. Dabei lag der Fokus auf der technischen Optimierung, der Materialauswahl und der Einbindung moderner Fertigungstechnologien.<\/p>\n<p>Ein wichtiger Aspekt meiner Arbeit war die enge Zusammenarbeit mit der Produktion und Qualit\u00e4tssicherung, um sicherzustellen, dass die entwickelten Bauteile sowohl in der Herstellung als auch im sp\u00e4teren Einsatz h\u00f6chste Effizienz und Langlebigkeit gew\u00e4hrleisten. Ich habe an der Gestaltung von Kunststoffteilen f\u00fcr anspruchsvolle Anwendungen gearbeitet, wobei ich stets darauf geachtet habe, technische Anforderungen mit Kosteneffizienz und Herstellbarkeit in Einklang zu bringen.<\/p>\n<p>Durch meine fundierten Kenntnisse in der Kunststofftechnik und meinem Verst\u00e4ndnis der Fertigungsprozesse trage ich dazu bei, innovative und ma\u00dfgeschneiderte L\u00f6sungen f\u00fcr unterschiedliche Anwendungen zu realisieren.<\/p>\n\n                <\/div>\n            <\/div>   \n        <\/div>\n    \n        <div class=\"section-title-wrapper \" style=\"color: #505050\">\n            <div class=\"row text-center\">\n                <div class=\"col-xl-6 offset-xl-3 col-lg-8 offset-lg-2 col-md-10 offset-md-1\">  \n                    <h2 class=\"section-title\" style=\"color:#0a6db7\">Fertigung von Bauteilen im FDM-3D-Druck: Flexibilit\u00e4t und Pr\u00e4zision f\u00fcr individuelle L\u00f6sungen<\/h2>\n                    <ul class=\"title-shape no-list-style text-center\">\n                        <li style=\"background: #0a6db7\"><\/li>\n                        <li style=\"background: #0a6db7\"><\/li>\n                        <li style=\"background: #0a6db7\"><\/li>\n                    <\/ul>\n                    <p>Der FDM-3D-Druck (Fused Deposition Modeling) hat sich zu einer zentralen Technologie entwickelt, die vor allem in der Prototypenentwicklung und Kleinserienfertigung eingesetzt wird. Diese Methode erm\u00f6glicht es, komplexe Bauteile schnell und kosteng\u00fcnstig herzustellen, ohne aufw\u00e4ndige Formen oder Werkzeuge. Insbesondere bei der Realisierung von ma\u00dfgeschneiderten Designs und funktionalen Prototypen bietet der 3D-Druck unsch\u00e4tzbare Vorteile.<\/p>\n<p>Meine Expertise in der Fertigung von Bauteilen im FDM-3D-Druck<\/p>\n<p>Durch meine mehrj\u00e4hrige Erfahrung in der Anwendung des FDM-3D-Druckverfahrens konnte ich eine Vielzahl von Projekten erfolgreich umsetzen. Dabei war ich in der Lage, sowohl funktionale Prototypen als auch einsatzbereite Bauteile f\u00fcr verschiedene Anwendungen zu fertigen. Die enge Abstimmung mit den Kunden w\u00e4hrend des gesamten Prozesses \u2014 von der Konzeption bis hin zur finalen Umsetzung \u2014 erm\u00f6glichte es, individuelle Anforderungen gezielt zu erf\u00fcllen.<\/p>\n<p>Meine Arbeit in diesem Bereich konzentriert sich darauf, die M\u00f6glichkeiten des FDM-Verfahrens voll auszusch\u00f6pfen, um auch komplexe Geometrien und anspruchsvolle Designs in hoher Qualit\u00e4t und kurzer Zeit herzustellen. Dabei lege ich besonderen Wert auf die Materialauswahl und die Feinabstimmung der Druckparameter, um optimale Ergebnisse hinsichtlich Stabilit\u00e4t, Pr\u00e4zision und Oberfl\u00e4chenqualit\u00e4t zu erzielen.<\/p>\n<p>Dank meiner Fachkenntnisse im Bereich der additiven Fertigung kann ich effiziente L\u00f6sungen f\u00fcr Prototypen, Kleinserien und individuelle Projekte bieten. Die Flexibilit\u00e4t des 3D-Drucks macht es m\u00f6glich, schnelle Anpassungen und Verbesserungen vorzunehmen, was besonders in der fr\u00fchen Entwicklungsphase eines Produkts von Vorteil ist.<\/p>\n\n                <\/div>\n            <\/div>   \n        <\/div>\n    [\/vc_column][\/vc_row][vc_row][vc_column]\n        <div class=\"cta-wrapper \">\n            <div class=\"container\">\n                <div class=\"row\">\n                    <div class=\"col-xl-8 col-lg-8 col-md-9\">\n                        <h4>Mit KEWA zum Erfolg!<\/h4>\n                        <p>Starten Sie unsere Zusammenarbeit! <\/p>\n                    <\/div>\n                    \n                    <div class=\"col-xl-4 col-lg-4 col-md-3\">\n                        <div class=\"cta-btn-wrap\">\n                            <a href=\"https:\/\/kewa-tech.de\/wordpress\/index.php\/contact\/\" class=\"xzopro-btn fill-btn cta-btn\">Anfrage Starten<\/a>\n                        <\/div>\n                    <\/div>\n                <\/div>\n            <\/div>\n        <\/div>\n    [\/vc_column][\/vc_row]<\/p>\n<\/div>","protected":false},"excerpt":{"rendered":"<p>[vc_row][vc_column][\/vc_column][\/vc_row][vc_row][vc_column][\/vc_column][\/vc_row]<\/p>\n","protected":false},"author":1,"featured_media":0,"parent":0,"menu_order":0,"comment_status":"closed","ping_status":"closed","template":"","meta":{"_monsterinsights_skip_tracking":false,"_monsterinsights_sitenote_active":false,"_monsterinsights_sitenote_note":"","_monsterinsights_sitenote_category":0,"footnotes":""},"class_list":["post-2218","page","type-page","status-publish","hentry"],"aioseo_notices":[],"_links":{"self":[{"href":"https:\/\/kewa-tech.de\/wordpress\/index.php\/wp-json\/wp\/v2\/pages\/2218","targetHints":{"allow":["GET"]}}],"collection":[{"href":"https:\/\/kewa-tech.de\/wordpress\/index.php\/wp-json\/wp\/v2\/pages"}],"about":[{"href":"https:\/\/kewa-tech.de\/wordpress\/index.php\/wp-json\/wp\/v2\/types\/page"}],"author":[{"embeddable":true,"href":"https:\/\/kewa-tech.de\/wordpress\/index.php\/wp-json\/wp\/v2\/users\/1"}],"replies":[{"embeddable":true,"href":"https:\/\/kewa-tech.de\/wordpress\/index.php\/wp-json\/wp\/v2\/comments?post=2218"}],"version-history":[{"count":5,"href":"https:\/\/kewa-tech.de\/wordpress\/index.php\/wp-json\/wp\/v2\/pages\/2218\/revisions"}],"predecessor-version":[{"id":2354,"href":"https:\/\/kewa-tech.de\/wordpress\/index.php\/wp-json\/wp\/v2\/pages\/2218\/revisions\/2354"}],"wp:attachment":[{"href":"https:\/\/kewa-tech.de\/wordpress\/index.php\/wp-json\/wp\/v2\/media?parent=2218"}],"curies":[{"name":"wp","href":"https:\/\/api.w.org\/{rel}","templated":true}]}}