{"id":2412,"date":"2024-10-21T07:49:23","date_gmt":"2024-10-21T07:49:23","guid":{"rendered":"https:\/\/kewa-tech.de\/wordpress\/?page_id=2412"},"modified":"2024-10-21T07:49:27","modified_gmt":"2024-10-21T07:49:27","slug":"datenschutz","status":"publish","type":"page","link":"https:\/\/kewa-tech.de\/wordpress\/index.php\/datenschutz\/","title":{"rendered":"Datenschutz"},"content":{"rendered":"<div class=\"wpb-content-wrapper\"><p>[vc_row][vc_column][vc_column_text css=&#8220;&#8220;]<\/p>\n<p><strong>Datenschutzerkl\u00e4rung<\/strong><\/p>\n<p><strong>Verantwortlicher<\/strong> Kevin Wartig<br \/>Lauschigwiesenweg 8<br \/>01109 Dresden<br \/>Telefon: 0176 43672746<br \/>E-Mail: <a rel=\"noopener\">kevin.wartig@web.de<\/a><\/p>\n<p><strong>Allgemeine Hinweise<\/strong><\/p>\n<p>Der Schutz deiner pers\u00f6nlichen Daten ist mir ein wichtiges Anliegen. In dieser Datenschutzerkl\u00e4rung erl\u00e4utere ich, welche Daten auf meiner Webseite erhoben werden und wie ich diese verwende. Personenbezogene Daten sind alle Daten, mit denen du pers\u00f6nlich identifiziert werden kannst, wie z. B. Name, Adresse, E-Mail-Adresse oder Nutzerverhalten.<\/p>\n<p><strong>Erfassung von Daten<\/strong><\/p>\n<p>Deine Daten werden einerseits dadurch erhoben, dass du mir diese mitteilst. Hierbei kann es sich um Daten handeln, die du in ein Kontaktformular eingibst oder im Rahmen eines Bestellvorgangs auf meiner Webseite angibst. Andere Daten werden automatisch oder nach deiner Einwilligung beim Besuch der Webseite durch meine IT-Systeme erfasst. Das sind vor allem technische Daten (z.B. Internetbrowser, Betriebssystem oder Uhrzeit des Seitenaufrufs). Diese Erfassung erfolgt automatisch, sobald du meine Webseite betrittst.<\/p>\n<p><strong>Zwecke der Datenverarbeitung<\/strong><\/p>\n<p>Ich verarbeite deine personenbezogenen Daten zu folgenden Zwecken:<\/p>\n<ul>\n<li>Zur Erf\u00fcllung und Abwicklung von Bestellungen.<\/li>\n<li>Zur Beantwortung deiner Anfragen.<\/li>\n<li>Zur Verbesserung meiner Webseite.<\/li>\n<li>Zur Analyse des Nutzerverhaltens auf meiner Webseite (z.B. durch Cookies).<\/li>\n<\/ul>\n<p><strong>Rechtsgrundlage der Datenverarbeitung<\/strong><\/p>\n<p>Die Datenverarbeitung erfolgt auf Grundlage von Art. 6 Abs. 1 DSGVO. Die Verarbeitung deiner Daten ist notwendig, um die vertraglichen Pflichten zu erf\u00fcllen oder deine Anfragen zu beantworten.<\/p>\n<p><strong>Cookies<\/strong><\/p>\n<p>Meine Webseite verwendet teilweise Cookies. Cookies sind kleine Textdateien, die auf deinem Endger\u00e4t gespeichert werden und die dein Browser speichert. Sie dienen dazu, mein Angebot nutzerfreundlicher und sicherer zu machen. Einige Cookies bleiben auf deinem Endger\u00e4t gespeichert, bis du diese l\u00f6schst. Du kannst deinen Browser so einstellen, dass du \u00fcber das Setzen von Cookies informiert wirst und Cookies nur im Einzelfall erlauben, oder das automatische L\u00f6schen der Cookies beim Schlie\u00dfen des Browsers aktivieren.<\/p>\n<p><strong>Weitergabe von Daten<\/strong><\/p>\n<p>Eine \u00dcbermittlung deiner personenbezogenen Daten an Dritte erfolgt nur, wenn dies zur Vertragserf\u00fcllung notwendig ist oder du ausdr\u00fccklich eingewilligt hast. Eine dar\u00fcber hinausgehende Weitergabe erfolgt nicht.<\/p>\n<p><strong>Speicherdauer<\/strong><\/p>\n<p>Deine personenbezogenen Daten werden nur so lange gespeichert, wie es zur Erreichung der genannten Zwecke erforderlich ist, es sei denn, gesetzliche Vorschriften verlangen eine l\u00e4ngere Speicherung.<\/p>\n<p><strong>Deine Rechte<\/strong><\/p>\n<p>Du hast das Recht:<\/p>\n<ul>\n<li>gem\u00e4\u00df Art. 15 DSGVO Auskunft \u00fcber deine von mir verarbeiteten personenbezogenen Daten zu verlangen;<\/li>\n<li>gem\u00e4\u00df Art. 16 DSGVO die Berichtigung unrichtiger oder die Vervollst\u00e4ndigung deiner bei mir gespeicherten personenbezogenen Daten zu verlangen;<\/li>\n<li>gem\u00e4\u00df Art. 17 DSGVO die L\u00f6schung deiner bei mir gespeicherten personenbezogenen Daten zu verlangen, soweit nicht gesetzliche Aufbewahrungspflichten dem entgegenstehen;<\/li>\n<li>gem\u00e4\u00df Art. 18 DSGVO die Einschr\u00e4nkung der Verarbeitung deiner personenbezogenen Daten zu verlangen;<\/li>\n<li>gem\u00e4\u00df Art. 20 DSGVO deine personenbezogenen Daten in einem strukturierten, g\u00e4ngigen und maschinenlesbaren Format zu erhalten oder die \u00dcbermittlung an einen anderen Verantwortlichen zu verlangen;<\/li>\n<li>gem\u00e4\u00df Art. 7 Abs. 3 DSGVO deine einmal erteilte Einwilligung jederzeit gegen\u00fcber mir zu widerrufen.<\/li>\n<\/ul>\n<p><strong>Datensicherheit<\/strong><\/p>\n<p>Ich setze technische und organisatorische Sicherheitsma\u00dfnahmen ein, um deine durch mich verwalteten Daten gegen zuf\u00e4llige oder vors\u00e4tzliche Manipulationen, Verlust, Zerst\u00f6rung oder gegen den Zugriff unberechtigter Personen zu sch\u00fctzen.<\/p>\n<p><strong>\u00c4nderungen der Datenschutzerkl\u00e4rung<\/strong><\/p>\n<p>Ich behalte mir vor, diese Datenschutzerkl\u00e4rung anzupassen, um sie an ge\u00e4nderte Rechtslagen oder bei \u00c4nderungen meiner Leistungen anzupassen. Die jeweils aktuelle Version findest du auf meiner Webseite.<\/p>\n<p>[\/vc_column_text][\/vc_column][\/vc_row]<\/p>\n<\/div>","protected":false},"excerpt":{"rendered":"<p>[vc_row][vc_column][vc_column_text css=&#8220;&#8220;] Datenschutzerkl\u00e4rung Verantwortlicher Kevin WartigLauschigwiesenweg 801109 DresdenTelefon: 0176 43672746E-Mail: kevin.wartig@web.de Allgemeine Hinweise Der Schutz deiner pers\u00f6nlichen Daten ist mir ein wichtiges Anliegen. In dieser Datenschutzerkl\u00e4rung erl\u00e4utere ich, welche Daten auf meiner Webseite erhoben werden und wie ich diese verwende. Personenbezogene Daten sind alle Daten, mit denen du pers\u00f6nlich identifiziert werden kannst, wie z. B. [&hellip;]<\/p>\n","protected":false},"author":1,"featured_media":0,"parent":0,"menu_order":0,"comment_status":"closed","ping_status":"closed","template":"","meta":{"_monsterinsights_skip_tracking":false,"_monsterinsights_sitenote_active":false,"_monsterinsights_sitenote_note":"","_monsterinsights_sitenote_category":0,"footnotes":""},"class_list":["post-2412","page","type-page","status-publish","hentry"],"aioseo_notices":[],"_links":{"self":[{"href":"https:\/\/kewa-tech.de\/wordpress\/index.php\/wp-json\/wp\/v2\/pages\/2412","targetHints":{"allow":["GET"]}}],"collection":[{"href":"https:\/\/kewa-tech.de\/wordpress\/index.php\/wp-json\/wp\/v2\/pages"}],"about":[{"href":"https:\/\/kewa-tech.de\/wordpress\/index.php\/wp-json\/wp\/v2\/types\/page"}],"author":[{"embeddable":true,"href":"https:\/\/kewa-tech.de\/wordpress\/index.php\/wp-json\/wp\/v2\/users\/1"}],"replies":[{"embeddable":true,"href":"https:\/\/kewa-tech.de\/wordpress\/index.php\/wp-json\/wp\/v2\/comments?post=2412"}],"version-history":[{"count":2,"href":"https:\/\/kewa-tech.de\/wordpress\/index.php\/wp-json\/wp\/v2\/pages\/2412\/revisions"}],"predecessor-version":[{"id":2418,"href":"https:\/\/kewa-tech.de\/wordpress\/index.php\/wp-json\/wp\/v2\/pages\/2412\/revisions\/2418"}],"wp:attachment":[{"href":"https:\/\/kewa-tech.de\/wordpress\/index.php\/wp-json\/wp\/v2\/media?parent=2412"}],"curies":[{"name":"wp","href":"https:\/\/api.w.org\/{rel}","templated":true}]}}