{"id":31,"date":"2018-07-08T03:16:09","date_gmt":"2018-07-08T03:16:09","guid":{"rendered":"http:\/\/tf.themedraft.com\/wp\/xzopro\/?page_id=31"},"modified":"2024-10-16T11:03:22","modified_gmt":"2024-10-16T11:03:22","slug":"about-us","status":"publish","type":"page","link":"https:\/\/kewa-tech.de\/wordpress\/index.php\/about-us\/","title":{"rendered":"\u00dcber KEWA"},"content":{"rendered":"<div class=\"wpb-content-wrapper\"><p>[vc_row full_width=&#8220;stretch_row&#8220; css=&#8220;.vc_custom_1534942783644{padding-top: 100px !important;padding-bottom: 65px !important;}&#8220;][vc_column]\n        <div class=\"twbi-wrapper \">        \n            <div class=\"row\">        \n                    <div class=\"col-lg-6 col-md-6\">\n                        <div class=\"border-image-wrap img-left\">\n                            <div class=\"border-image-wrap-border\" style=\"background: #0a6db7\"><\/div>\n                            <img decoding=\"async\" src=\"https:\/\/kewa-tech.de\/wordpress\/wp-content\/uploads\/2024\/10\/image35-Kopie-e1728542445345-530x355.png\" alt=\"\">\n                        <\/div>\n                    <\/div>\n                <div class=\"col-lg-6 col-md-6\">\n                    <div class=\"twbi-text\">\n                        <h1 style=\"color:#0a6db7\">KEWA - Kevin Wartig, M.Sc.<\/h1>\n                        Ich bin Kevin Wartig, Maschinenbauingenieur mit Spezialisierung auf Leichtbau und 3D-Druck. Ich besitze umfangreiche Erfahrung in der Entwicklung und Konstruktion von Prototypen und Serienprodukten, insbesondere im Bereich 3D-Druck und Prototypenbau. Mein Fachwissen reicht von der Konzeption technischer Bauteile bis hin zur Umsetzung von Projekten im Bereich 3D-Druck und Prototypenbau. Mein Schwerpunkt liegt auf der Entwicklung von ma\u00dfgeschneiderten L\u00f6sungen , die sowohl innovativ als auch effizient sind. Ich begleite jedes Projekt von der Idee bis zur finalen Fertigung und setze mein Know-how gezielt ein, um hochwertige Ergebnisse zu erzielen.<\/p>\n<p>Ob Prototypen, Kleinserien oder Sonderanfertigungen &#8211; Sie haben mit mir einen kompetenten Ansprechpartner f\u00fcr Ihre Projekte!\n                    <\/div>\n                <\/div>\n            <\/div>\n        <\/div>\n    [\/vc_column][vc_column][\/vc_column][\/vc_row][vc_row full_width=&#8220;stretch_row&#8220; css=&#8220;.vc_custom_1534942783644{padding-top: 100px !important;padding-bottom: 65px !important;}&#8220;][vc_column]\n        <div class=\"twbi-wrapper \">        \n            <div class=\"row\">\n                <div class=\"col-lg-6 col-md-6\">\n                    <div class=\"twbi-text\">\n                        <h1 style=\"color:#0a6db7\">mehr als 6 Jahre Erfahrung in der Kunststoff-Industrie<\/h1>\n                        Ich blicke auf \u00fcber sechs Jahre Erfahrung in der Kunststoffindustrie zur\u00fcck, in denen ich umfangreiche Kenntnisse in der Entwicklung, Konstruktion und Optimierung von Kunststoffbauteilen gesammelt habe. W\u00e4hrend dieser Zeit habe ich erfolgreich Projekte in der Produktentwicklung umgesetzt, von der ersten Idee bis zur Serienreife. Mein Schwerpunkt lag dabei auf der Konstruktion von Spritzgussteilen, der Erstellung technischer Zeichnungen sowie der Einf\u00fchrung und Optimierung von Produktionsprozessen. Durch meine Erfahrung konnte ich innovative L\u00f6sungen entwickeln, die den hohen Anforderungen an Pr\u00e4zision, Effizienz und Nachhaltigkeit gerecht werden.\n                    <\/div>\n                <\/div>        \n                    <div class=\"col-lg-6 col-md-6\">\n                        <div class=\"border-image-wrap img-right\">\n                            <div class=\"border-image-wrap-border\" style=\"background: #FFFFFF\"><\/div>\n                            <img decoding=\"async\" src=\"https:\/\/kewa-tech.de\/wordpress\/wp-content\/uploads\/2018\/07\/plans-to-manufacture-parts-2024-09-15-20-44-02-utc-530x355.jpg\" alt=\"\">\n                        <\/div>\n                    <\/div>\n            <\/div>\n        <\/div>\n    \n        <div class=\"cta-wrapper \">\n            <div class=\"container\">\n                <div class=\"row\">\n                    <div class=\"col-xl-8 col-lg-8 col-md-9\">\n                        <h4><\/h4>\n                        <p><\/p>\n                    <\/div>\n                    \n                    <div class=\"col-xl-4 col-lg-4 col-md-3\">\n                        <div class=\"cta-btn-wrap\">\n                            <a href=\"https:\/\/kewa-tech.de\/wordpress\/index.php\/lebenslauf\/\" class=\"xzopro-btn fill-btn cta-btn\">Zum Lebenslauf<\/a>\n                        <\/div>\n                    <\/div>\n                <\/div>\n            <\/div>\n        <\/div>\n    [\/vc_column][\/vc_row][vc_row css=&#8220;.vc_custom_1535084051605{padding-top: 92px !important;padding-bottom: 70px !important;}&#8220;][vc_column]\n        <div class=\"section-title-wrapper \" style=\"color: #505050\">\n            <div class=\"row text-center\">\n                <div class=\"col-xl-6 offset-xl-3 col-lg-8 offset-lg-2 col-md-10 offset-md-1\">  \n                    <h2 class=\"section-title\" style=\"color:#0a6db7\">Ein Gespr\u00e4ch mit Kevin Wartig<\/h2>\n                    <ul class=\"title-shape no-list-style text-center\">\n                        <li style=\"background: #0a6db7\"><\/li>\n                        <li style=\"background: #0a6db7\"><\/li>\n                        <li style=\"background: #0a6db7\"><\/li>\n                    <\/ul>\n                    <p>\u00dcber additive Fertigung und dessen M\u00f6glichkeiten.<\/p>\n\n                <\/div>\n            <\/div>   \n        <\/div>\n    [vc_column_text css_animation=&#8220;fadeIn&#8220; css=&#8220;&#8220;]<strong>Frage:<\/strong><\/p>\n<p>K\u00f6nnten Sie uns einen kurzen \u00dcberblick \u00fcber das FDM-Verfahren (Fused Deposition Modeling) geben? Was macht dieses Verfahren so geeignet f\u00fcr Prototypen und Kleinserien?<\/p>\n<p><strong>Antwort:<\/strong><\/p>\n<p>FDM ist eines der am weitesten verbreiteten Verfahren im 3D-Druck. Es funktioniert durch das Schmelzen eines thermoplastischen Materials, das Schicht f\u00fcr Schicht aufgetragen wird, um ein dreidimensionales Objekt zu erzeugen. F\u00fcr Prototypen und Kleinserien ist es ideal, weil es kosteng\u00fcnstig und relativ schnell ist, besonders im Vergleich zu anderen Druckverfahren wie SLS oder SLA. Au\u00dferdem bietet es eine gute Balance zwischen Materialauswahl und Stabilit\u00e4t der gedruckten Teile.<\/p>\n<p><strong>Frage:<\/strong><\/p>\n<p>Was hat Sie urspr\u00fcnglich dazu bewogen, sich auf 3D-Druck zu spezialisieren? Was fasziniert Sie an dieser Technologie?<\/p>\n<p><strong>Antwort:<\/strong><\/p>\n<p>Meine Ausbildung und Erfahrungen im Maschinenbau haben mich zu diesem faszinierenden Bereich gef\u00fchrt. Bereits im Studium habe ich mit mit diversen Fertigungsverfahren besch\u00e4fting und deren Vorteile erkannt. Der 3D-Druck bietet unglaublich viele M\u00f6glichkeiten, die es in der traditionellen Fertigung nicht gibt. Mich hat besonders fasziniert, wie schnell man Ideen in physische Objekte umsetzen kann. Mit einem 3D-Drucker k\u00f6nnen wir Prototypen herstellen, die sonst viel teurer und zeitaufw\u00e4ndiger w\u00e4ren.<\/p>\n<p>Noch heute bin ich jedes mal aufs neue fasziniert, wenn ich den 3D-Druckern bei der Bauteilerzeugung zuschaue. Die kontinuierliche Erzegung eines Bauteils, welches zuvor nur in meiner digitalen CAD-Umgebung existiert hat, hat etwas hypnotisierendes an sich.<\/p>\n<p><strong>Frage:<\/strong><\/p>\n<p>Welche Herausforderungen begegnen Ihnen h\u00e4ufig bei der Arbeit mit 3D-Druck, insbesondere bei der Herstellung von Prototypen?<\/p>\n<p><strong>Antwort:<\/strong><\/p>\n<p>Eine der gr\u00f6\u00dften Herausforderungen ist sicherlich die Materialwahl. Nicht jedes Material verh\u00e4lt sich gleich im Druckprozess, und oft erfordert es mehrere Testl\u00e4ufe, um die perfekten Einstellungen zu finden. Gerade bei additiven Fertigungsverfahren wie dem FDM-Druck muss man immer das Druckverfahren und die Materialeigenschaften im Blick behalten, um sicherzustellen, dass das Endprodukt die gew\u00fcnschten Anforderungen erf\u00fcllt. Auch die Genauigkeit der Drucke kann ein Thema sein, gerade bei sehr komplexen Geometrien oder wenn die Toleranzen extrem klein sein m\u00fcssen. Zudem muss man stets die Nachbearbeitung der Teile im Auge behalten, insbesondere wenn es um Oberfl\u00e4chenqualit\u00e4t oder funktionale Anforderungen geht.<\/p>\n<p><strong>Frage:<\/strong><\/p>\n<p>Wo sehen Sie die gr\u00f6\u00dften Einsatzm\u00f6glichkeiten f\u00fcr 3D-Druck in den n\u00e4chsten Jahren? Welche Branchen werden am meisten profitieren?<\/p>\n<p><strong>Antwort:<\/strong><\/p>\n<p>Ich glaube, dass der 3D-Druck in vielen Industrien noch st\u00e4rker Fu\u00df fassen wird, vor allem in der Automobilbranche, der Luftfahrt und der Medizintechnik. Die M\u00f6glichkeit, ma\u00dfgeschneiderte Teile oder Implantate direkt f\u00fcr den Patienten herzustellen, revolutioniert bereits die medizinische Versorgung. Auch in der Automobilbranche k\u00f6nnen wir sehr komplexe Geometrien oder Leichtbaukomponenten entwickeln, die mit traditionellen Verfahren einfach nicht m\u00f6glich w\u00e4ren.<\/p>\n<p><strong>Frage:<\/strong><\/p>\n<p>Zum Abschluss: Wie sehen Sie die Zukunft des 3D-Drucks? Gibt es neue Technologien oder Trends, die Sie besonders spannend finden?<\/p>\n<p><strong>Antwort:<\/strong><\/p>\n<p>Der 3D-Druck entwickelt sich rasant, und ich denke, wir werden in den n\u00e4chsten Jahren viel mehr Hybridl\u00f6sungen sehen, bei denen 3D-Druck mit herk\u00f6mmlichen Fertigungsmethoden kombiniert wird. Auch der Druck mit Metallen oder neuen High-Tech-Materialien wird immer relevanter. Gleichzeitig arbeiten viele Unternehmen an schnelleren und effizienteren Druckern, was die Produktionszeiten weiter verk\u00fcrzen wird.<\/p>\n<p>&nbsp;[\/vc_column_text][\/vc_column][\/vc_row][vc_row][vc_column][vc_video link=&#8220;https:\/\/www.youtube.com\/watch?v=0f_sa-JpfpI&#8220; css=&#8220;&#8220; title=&#8220;Im Interview mit der Wirtschaftsf\u00f6rderung Land Brandenburg GmbH&#8220;][\/vc_column][\/vc_row]<\/p>\n<\/div>","protected":false},"excerpt":{"rendered":"<p>[vc_row full_width=&#8220;stretch_row&#8220; css=&#8220;.vc_custom_1534942783644{padding-top: 100px !important;padding-bottom: 65px !important;}&#8220;][vc_column][\/vc_column][vc_column][\/vc_column][\/vc_row][vc_row full_width=&#8220;stretch_row&#8220; css=&#8220;.vc_custom_1534942783644{padding-top: 100px !important;padding-bottom: 65px !important;}&#8220;][vc_column][\/vc_column][\/vc_row][vc_row css=&#8220;.vc_custom_1535084051605{padding-top: 92px !important;padding-bottom: 70px !important;}&#8220;][vc_column][vc_column_text css_animation=&#8220;fadeIn&#8220; css=&#8220;&#8220;]Frage: K\u00f6nnten Sie uns einen kurzen \u00dcberblick \u00fcber das FDM-Verfahren (Fused Deposition Modeling) geben? Was macht dieses Verfahren so geeignet f\u00fcr Prototypen und Kleinserien? Antwort: FDM ist eines der am weitesten verbreiteten Verfahren im 3D-Druck. Es [&hellip;]<\/p>\n","protected":false},"author":1,"featured_media":0,"parent":0,"menu_order":0,"comment_status":"closed","ping_status":"closed","template":"","meta":{"_monsterinsights_skip_tracking":false,"_monsterinsights_sitenote_active":false,"_monsterinsights_sitenote_note":"","_monsterinsights_sitenote_category":0,"footnotes":""},"class_list":["post-31","page","type-page","status-publish","hentry"],"aioseo_notices":[],"_links":{"self":[{"href":"https:\/\/kewa-tech.de\/wordpress\/index.php\/wp-json\/wp\/v2\/pages\/31","targetHints":{"allow":["GET"]}}],"collection":[{"href":"https:\/\/kewa-tech.de\/wordpress\/index.php\/wp-json\/wp\/v2\/pages"}],"about":[{"href":"https:\/\/kewa-tech.de\/wordpress\/index.php\/wp-json\/wp\/v2\/types\/page"}],"author":[{"embeddable":true,"href":"https:\/\/kewa-tech.de\/wordpress\/index.php\/wp-json\/wp\/v2\/users\/1"}],"replies":[{"embeddable":true,"href":"https:\/\/kewa-tech.de\/wordpress\/index.php\/wp-json\/wp\/v2\/comments?post=31"}],"version-history":[{"count":12,"href":"https:\/\/kewa-tech.de\/wordpress\/index.php\/wp-json\/wp\/v2\/pages\/31\/revisions"}],"predecessor-version":[{"id":2402,"href":"https:\/\/kewa-tech.de\/wordpress\/index.php\/wp-json\/wp\/v2\/pages\/31\/revisions\/2402"}],"wp:attachment":[{"href":"https:\/\/kewa-tech.de\/wordpress\/index.php\/wp-json\/wp\/v2\/media?parent=31"}],"curies":[{"name":"wp","href":"https:\/\/api.w.org\/{rel}","templated":true}]}}